{"id":36,"date":"2016-04-28T08:36:33","date_gmt":"2016-04-28T08:36:33","guid":{"rendered":"http:\/\/interpointaustria.com\/?page_id=36"},"modified":"2016-04-28T08:41:08","modified_gmt":"2016-04-28T08:41:08","slug":"home","status":"publish","type":"page","link":"http:\/\/interpointaustria.com\/","title":{"rendered":"Home"},"content":{"rendered":"<div class=\"art-content-layout layout-item-0\">\n<div class=\"art-content-layout-row\">\n<div class=\"art-layout-cell layout-item-1\" style=\"width: 33%;\">\n<p style=\"text-align: left;\"><span style=\"color: #ffffff; font-weight: bold; font-family: enviro, Arial, 'Arial Unicode MS', Helvetica, sans-serif; font-size: 18px;\">Sprach Department<\/span><\/p>\n<p style=\"text-align: center;\"><img decoding=\"async\" loading=\"lazy\" class=\"art-lightbox\" style=\"border-width: 0px;\" src=\"http:\/\/interpointaustria.com\/wp-content\/uploads\/2016\/04\/EIB0342_gross-1.jpg\" alt=\"\" width=\"300\" height=\"199\" \/><\/p>\n<p style=\"text-align: center; line-height: 150%; margin-top: 0px; margin-bottom: 0px; word-spacing: 0px; padding-left: 60px;\"><span style=\"color: #ffffff; line-height: 18px; font-family: calibri, Arial, 'Arial Unicode MS', Helvetica, sans-serif; font-size: 14px; font-weight: bold;\">Sprechen lernen \u2013 Sprachen lernen<\/span><\/p>\n<p style=\"text-align: center;\"><span style=\"color: #ffffff; font-family: Arial; line-height: 18px; text-align: left;\">\u00a0<\/span><\/p>\n<p style=\"text-align: left; padding-left: 20px;\"><span style=\"color: #ffffff; line-height: 18px; text-align: left; font-family: calibri, Arial, 'Arial Unicode MS', Helvetica, sans-serif;\"><span style=\"font-weight: bold; color: #ffffff;\">Sprechen lernen<\/span> ist eine der <span style=\"font-weight: bold;\">wichtigsten Lernleitungen<\/span> der kleinen Kinder. Sprach- und Sprechkompetenz ist der entscheidende Faktor zu Bildungserwerb und Erfolg und damit auch f\u00fcr die <span style=\"font-weight: bold;\">Chancengleichheit<\/span>! Und das nicht nur in der Muttersprache sondern auch in der Fremdsprache!<\/span><span style=\"color: #ffffff; font-family: Arial; line-height: 18px; font-weight: bold;\"><br \/>\n<\/span><\/p>\n<p>&nbsp;<\/p>\n<p>&nbsp;<\/p>\n<p style=\"text-align: center;\">\n<\/div>\n<div class=\"art-layout-cell layout-item-2\" style=\"width: 34%;\">\n<p style=\"text-align: left;\"><span style=\"font-weight: bold; color: #ffffff; font-family: enviro, Arial, 'Arial Unicode MS', Helvetica, sans-serif; font-size: 18px;\">Therapie Department<\/span><\/p>\n<p style=\"text-align: center;\"><img decoding=\"async\" loading=\"lazy\" class=\"art-lightbox\" style=\"border-width: 0px;\" src=\"http:\/\/interpointaustria.com\/wp-content\/uploads\/2016\/04\/EIB0365_gross.jpg\" alt=\"\" width=\"300\" height=\"199\" \/><\/p>\n<p style=\"text-align: center; line-height: 150%; margin-top: 0px; margin-bottom: 0px; word-spacing: 0px; padding-left: 120px;\"><span style=\"color: #ffffff; font-weight: bold; font-family: calibri, Arial, 'Arial Unicode MS', Helvetica, sans-serif; font-size: 14px;\">Individuelle Therapiebl\u00f6cke<\/span><\/p>\n<p style=\"text-align: left;\"><span style=\"color: #ffffff; font-family: Arial, 'Arial Unicode MS', Helvetica, sans-serif;\">\u00a0<\/span><\/p>\n<p style=\"text-align: left; margin-top: 0px; line-height: 150%; margin-bottom: 0px; word-spacing: 0px; padding-left: 20px;\"><span style=\"color: #ffffff; font-family: calibri, Arial, 'Arial Unicode MS', Helvetica, sans-serif;\">M\u00f6chten Sie spezielle F\u00f6rderung f\u00fcr Ihr Kind um Ihrem Kind <span style=\"font-weight: bold;\">das Lernen<\/span> zu <span style=\"font-weight: bold;\">erleichtern<\/span>?<br \/>\nBuchstabenverdrehen, Leseschw\u00e4che, Rechenschw\u00e4che oder einfach kein Lernkonzept\u2026.?<br \/>\nUm <span style=\"font-weight: bold;\">die St\u00e4rken und Schw\u00e4chen<\/span> Ihres Kindes festzustellen bieten wir <span style=\"font-weight: bold;\">eine<\/span> <span style=\"font-weight: bold;\">gratis Diagnostikeinheit<\/span> an.<\/span><\/p>\n<\/div>\n<div class=\"art-layout-cell layout-item-1\" style=\"width: 33%;\">\n<p style=\"text-align: left;\"><span style=\"font-weight: bold; color: #ffffff; font-family: enviro, Arial, 'Arial Unicode MS', Helvetica, sans-serif; font-size: 18px;\">Coaching Department<\/span><\/p>\n<p style=\"text-align: center;\"><img decoding=\"async\" loading=\"lazy\" class=\"art-lightbox\" style=\"border-width: 0px;\" src=\"http:\/\/interpointaustria.com\/wp-content\/uploads\/2016\/04\/EIB0438_gross.jpg\" alt=\"\" width=\"300\" height=\"199\" \/><\/p>\n<p style=\"text-align: center; line-height: 150%; margin-top: 0px; margin-bottom: 0px; word-spacing: 0px; padding-left: 80px;\"><span style=\"font-weight: bold; color: #ffffff; font-family: calibri, Arial, 'Arial Unicode MS', Helvetica, sans-serif; font-size: 14px;\">Pers\u00f6nliche Beratung mit System<\/span><\/p>\n<p><span style=\"font-family: Arial;\">\u00a0<\/span><\/p>\n<p style=\"padding-left: 20px; text-align: left; line-height: 150%; margin-top: 0px; margin-bottom: 0px; word-spacing: 0px;\"><span style=\"color: #ffffff; font-family: calibri, Arial, 'Arial Unicode MS', Helvetica, sans-serif;\"><span style=\"font-weight: bold;\">Ein neuer Job<\/span> muss gefunden werden \u2013 Bewerbungen verfasst und auf Bewerbungsgespr\u00e4che vorbereitet werden.<br \/>\n<span style=\"font-weight: bold;\">Wiedereinstieg<\/span> nach Karenzzeit \u2013 nicht nur nach Babypause.<br \/>\n<span style=\"font-weight: bold;\">Probleme<\/span> l\u00f6sen, <span style=\"font-weight: bold;\">Ver\u00e4nderungen<\/span> annehmen<br \/>\nHier ist die Hilfe von <span style=\"font-weight: bold;\">professionellen Trainern, Coaches und Beratern<\/span> aus der Wirtschaft gefragt!<\/span><span style=\"color: #ffffff; font-family: Verdana, Geneva, sans-serif; font-weight: bold; line-height: 18px;\"><br \/>\n<\/span><\/p>\n<\/div>\n<\/div>\n<\/div>\n","protected":false},"excerpt":{"rendered":"<p>Sprach Department Sprechen lernen \u2013 Sprachen lernen \u00a0 Sprechen lernen ist eine der wichtigsten Lernleitungen der kleinen Kinder. Sprach- und Sprechkompetenz ist der entscheidende Faktor zu Bildungserwerb und Erfolg und damit auch f\u00fcr die Chancengleichheit! Und das nicht nur in der Muttersprache sondern auch in der Fremdsprache! &nbsp; &nbsp; Therapie Department Individuelle Therapiebl\u00f6cke \u00a0 M\u00f6chten &hellip; <a href=\"http:\/\/interpointaustria.com\/\" class=\"more-link\"><span class=\"screen-reader-text\">Home<\/span> weiterlesen<\/a><\/p>\n","protected":false},"author":1,"featured_media":0,"parent":0,"menu_order":1,"comment_status":"closed","ping_status":"closed","template":"","meta":[],"_links":{"self":[{"href":"http:\/\/interpointaustria.com\/index.php?rest_route=\/wp\/v2\/pages\/36"}],"collection":[{"href":"http:\/\/interpointaustria.com\/index.php?rest_route=\/wp\/v2\/pages"}],"about":[{"href":"http:\/\/interpointaustria.com\/index.php?rest_route=\/wp\/v2\/types\/page"}],"author":[{"embeddable":true,"href":"http:\/\/interpointaustria.com\/index.php?rest_route=\/wp\/v2\/users\/1"}],"replies":[{"embeddable":true,"href":"http:\/\/interpointaustria.com\/index.php?rest_route=%2Fwp%2Fv2%2Fcomments&post=36"}],"version-history":[{"count":2,"href":"http:\/\/interpointaustria.com\/index.php?rest_route=\/wp\/v2\/pages\/36\/revisions"}],"predecessor-version":[{"id":106,"href":"http:\/\/interpointaustria.com\/index.php?rest_route=\/wp\/v2\/pages\/36\/revisions\/106"}],"wp:attachment":[{"href":"http:\/\/interpointaustria.com\/index.php?rest_route=%2Fwp%2Fv2%2Fmedia&parent=36"}],"curies":[{"name":"wp","href":"https:\/\/api.w.org\/{rel}","templated":true}]}}